{"id":178,"date":"2024-08-30T00:29:54","date_gmt":"2024-08-30T00:29:54","guid":{"rendered":"https:\/\/lupa.blue\/Ilusposgrado\/inicio-english\/"},"modified":"2024-12-11T13:14:09","modified_gmt":"2024-12-11T13:14:09","slug":"inicio-english","status":"publish","type":"page","link":"https:\/\/ilusposgrado.com.ar\/ilusgaleria\/en\/inicio-english\/","title":{"rendered":"Inicio - English"},"content":{"rendered":"\n<div class=\"wp-block-group header-tit-portada\"><div class=\"wp-block-group__inner-container is-layout-constrained wp-block-group-is-layout-constrained\">\n<p class=\"boton-home-ilustradores\"><a href=\"\/ilusgaleria\/en\/illustrators\/\">illustrators<\/a><\/p>\n\n\n\n<p class=\"boton-home-proyectos\"><a href=\"https:\/\/ilusposgrado.com.ar\/ilusgaleria\/en\/projects\/\">Illustrated projects<\/a><\/p>\n<\/div><\/div>\n\n\n\n<section class=\"wp-block-group intro\"><div class=\"wp-block-group__inner-container is-layout-constrained wp-block-group-is-layout-constrained\">\n<p><strong>Ilus.Galer\u00eda<\/strong> is an initiative by <strong>Ilus.P<\/strong>, the Professional Illustration Update Program at the Faculty of Architecture, Design and Urbanism of the University of Buenos Aires. We connect illustrated projects and emerging illustrators with the cultural market.<\/p>\n\n\n\n<p>The works showcased on this platform are available for publication or production and are the result of the postgraduate course. Inquiries can be made through our contact form.<br><\/p>\n\n\n\n<p><\/p>\n<\/div><\/section>\n","protected":false},"excerpt":{"rendered":"<p>illustrators Illustrated projects Ilus.Galer\u00eda is an initiative by Ilus.P, the Professional Illustration Update Program at the Faculty of Architecture, Design and Urbanism of the University of Buenos Aires. We connect illustrated projects and emerging illustrators with the cultural market. The works showcased on this platform are available for publication or production and are the result [&hellip;]<\/p>\n","protected":false},"author":3,"featured_media":0,"parent":0,"menu_order":0,"comment_status":"closed","ping_status":"closed","template":"portada.php","meta":{"_acf_changed":false,"footnotes":""},"class_list":["post-178","page","type-page","status-publish","hentry"],"acf":[],"yoast_head":"<!-- This site is optimized with the Yoast SEO plugin v23.9 - https:\/\/yoast.com\/wordpress\/plugins\/seo\/ -->\n<title>Inicio - English - Ilus.Galer\u00eda<\/title>\n<meta name=\"description\" content=\"&quot;Ilus.Galer\u00eda es una plataforma que presenta proyectos de ilustraci\u00f3n desarrollados en el Programa de Actualizaci\u00f3n en Ilustraci\u00f3n Profesional de la Universidad de Buenos Aires.&quot;\" \/>\n<meta name=\"robots\" content=\"index, follow, max-snippet:-1, max-image-preview:large, max-video-preview:-1\" \/>\n<link rel=\"canonical\" href=\"https:\/\/ilusposgrado.com.ar\/ilusgaleria\/en\/inicio-english\/\" \/>\n<meta property=\"og:locale\" content=\"es_ES\" \/>\n<meta property=\"og:type\" content=\"article\" \/>\n<meta property=\"og:title\" content=\"Inicio - English - Ilus.Galer\u00eda\" \/>\n<meta property=\"og:description\" content=\"&quot;Ilus.Galer\u00eda es una plataforma que presenta proyectos de ilustraci\u00f3n desarrollados en el Programa de Actualizaci\u00f3n en Ilustraci\u00f3n Profesional de la Universidad de Buenos Aires.&quot;\" \/>\n<meta property=\"og:url\" content=\"https:\/\/ilusposgrado.com.ar\/ilusgaleria\/en\/inicio-english\/\" \/>\n<meta property=\"og:site_name\" content=\"Ilus.Galer\u00eda\" \/>\n<meta property=\"article:modified_time\" content=\"2024-12-11T13:14:09+00:00\" \/>\n<meta property=\"og:image\" content=\"https:\/\/ilusposgrado.com.ar\/ilusgaleria\/wp-content\/uploads\/2024\/11\/ilus-galeria-seo.png\" \/>\n\t<meta property=\"og:image:width\" content=\"1024\" \/>\n\t<meta property=\"og:image:height\" content=\"1024\" \/>\n\t<meta property=\"og:image:type\" content=\"image\/png\" \/>\n<meta name=\"twitter:card\" content=\"summary_large_image\" \/>\n<meta name=\"twitter:label1\" content=\"Tiempo de lectura\" \/>\n\t<meta name=\"twitter:data1\" content=\"1 minuto\" \/>\n<script type=\"application\/ld+json\" class=\"yoast-schema-graph\">{\"@context\":\"https:\/\/schema.org\",\"@graph\":[{\"@type\":\"WebPage\",\"@id\":\"https:\/\/ilusposgrado.com.ar\/ilusgaleria\/en\/inicio-english\/\",\"url\":\"https:\/\/ilusposgrado.com.ar\/ilusgaleria\/en\/inicio-english\/\",\"name\":\"Inicio - English - Ilus.Galer\u00eda\",\"isPartOf\":{\"@id\":\"https:\/\/ilusposgrado.com.ar\/ilusgaleria\/#website\"},\"datePublished\":\"2024-08-30T00:29:54+00:00\",\"dateModified\":\"2024-12-11T13:14:09+00:00\",\"description\":\"\\\"Ilus.Galer\u00eda es una plataforma que presenta proyectos de ilustraci\u00f3n desarrollados en el Programa de Actualizaci\u00f3n en Ilustraci\u00f3n Profesional de la Universidad de Buenos Aires.\\\"\",\"breadcrumb\":{\"@id\":\"https:\/\/ilusposgrado.com.ar\/ilusgaleria\/en\/inicio-english\/#breadcrumb\"},\"inLanguage\":\"es-AR\",\"potentialAction\":[{\"@type\":\"ReadAction\",\"target\":[\"https:\/\/ilusposgrado.com.ar\/ilusgaleria\/en\/inicio-english\/\"]}]},{\"@type\":\"BreadcrumbList\",\"@id\":\"https:\/\/ilusposgrado.com.ar\/ilusgaleria\/en\/inicio-english\/#breadcrumb\",\"itemListElement\":[{\"@type\":\"ListItem\",\"position\":1,\"name\":\"Inicio\",\"item\":\"https:\/\/ilusposgrado.com.ar\/ilusgaleria\/\"},{\"@type\":\"ListItem\",\"position\":2,\"name\":\"Inicio - English\"}]},{\"@type\":\"WebSite\",\"@id\":\"https:\/\/ilusposgrado.com.ar\/ilusgaleria\/#website\",\"url\":\"https:\/\/ilusposgrado.com.ar\/ilusgaleria\/\",\"name\":\"Ilus.Galer\u00eda\",\"description\":\"Programa de Actualizaci\u00f3n en Ilustraci\u00f3n Profesional de la Facultad de Arquitectura, Dise\u00f1o y Urbanismo de la Universidad de Buenos Aires\",\"publisher\":{\"@id\":\"https:\/\/ilusposgrado.com.ar\/ilusgaleria\/#organization\"},\"alternateName\":\"Programa de Ilustraci\u00f3n Profesional de la Facultad de Arquitectura y Urbanismo de la Universidad de Buenos Aires\",\"potentialAction\":[{\"@type\":\"SearchAction\",\"target\":{\"@type\":\"EntryPoint\",\"urlTemplate\":\"https:\/\/ilusposgrado.com.ar\/ilusgaleria\/?s={search_term_string}\"},\"query-input\":{\"@type\":\"PropertyValueSpecification\",\"valueRequired\":true,\"valueName\":\"search_term_string\"}}],\"inLanguage\":\"es-AR\"},{\"@type\":\"Organization\",\"@id\":\"https:\/\/ilusposgrado.com.ar\/ilusgaleria\/#organization\",\"name\":\"Programa de Ilustraci\u00f3n Profesional de la Facultad de Arquitectura y Urbanismo de la Universidad de Buenos Aires\",\"alternateName\":\"Ilus.P\",\"url\":\"https:\/\/ilusposgrado.com.ar\/ilusgaleria\/\",\"logo\":{\"@type\":\"ImageObject\",\"inLanguage\":\"es-AR\",\"@id\":\"https:\/\/ilusposgrado.com.ar\/ilusgaleria\/#\/schema\/logo\/image\/\",\"url\":\"https:\/\/ilusposgrado.com.ar\/ilusgaleria\/wp-content\/uploads\/2024\/11\/ilus-galeria-seo.png\",\"contentUrl\":\"https:\/\/ilusposgrado.com.ar\/ilusgaleria\/wp-content\/uploads\/2024\/11\/ilus-galeria-seo.png\",\"width\":1024,\"height\":1024,\"caption\":\"Programa de Ilustraci\u00f3n Profesional de la Facultad de Arquitectura y Urbanismo de la Universidad de Buenos Aires\"},\"image\":{\"@id\":\"https:\/\/ilusposgrado.com.ar\/ilusgaleria\/#\/schema\/logo\/image\/\"},\"sameAs\":[\"https:\/\/www.instagram.com\/ilusposgrado\/\"]}]}<\/script>\n<!-- \/ Yoast SEO plugin. -->","yoast_head_json":{"title":"Inicio - English - Ilus.Galer\u00eda","description":"\"Ilus.Galer\u00eda es una plataforma que presenta proyectos de ilustraci\u00f3n desarrollados en el Programa de Actualizaci\u00f3n en Ilustraci\u00f3n Profesional de la Universidad de Buenos Aires.\"","robots":{"index":"index","follow":"follow","max-snippet":"max-snippet:-1","max-image-preview":"max-image-preview:large","max-video-preview":"max-video-preview:-1"},"canonical":"https:\/\/ilusposgrado.com.ar\/ilusgaleria\/en\/inicio-english\/","og_locale":"es_ES","og_type":"article","og_title":"Inicio - English - Ilus.Galer\u00eda","og_description":"\"Ilus.Galer\u00eda es una plataforma que presenta proyectos de ilustraci\u00f3n desarrollados en el Programa de Actualizaci\u00f3n en Ilustraci\u00f3n Profesional de la Universidad de Buenos Aires.\"","og_url":"https:\/\/ilusposgrado.com.ar\/ilusgaleria\/en\/inicio-english\/","og_site_name":"Ilus.Galer\u00eda","article_modified_time":"2024-12-11T13:14:09+00:00","og_image":[{"width":1024,"height":1024,"url":"https:\/\/ilusposgrado.com.ar\/ilusgaleria\/wp-content\/uploads\/2024\/11\/ilus-galeria-seo.png","type":"image\/png"}],"twitter_card":"summary_large_image","twitter_misc":{"Tiempo de lectura":"1 minuto"},"schema":{"@context":"https:\/\/schema.org","@graph":[{"@type":"WebPage","@id":"https:\/\/ilusposgrado.com.ar\/ilusgaleria\/en\/inicio-english\/","url":"https:\/\/ilusposgrado.com.ar\/ilusgaleria\/en\/inicio-english\/","name":"Inicio - English - Ilus.Galer\u00eda","isPartOf":{"@id":"https:\/\/ilusposgrado.com.ar\/ilusgaleria\/#website"},"datePublished":"2024-08-30T00:29:54+00:00","dateModified":"2024-12-11T13:14:09+00:00","description":"\"Ilus.Galer\u00eda es una plataforma que presenta proyectos de ilustraci\u00f3n desarrollados en el Programa de Actualizaci\u00f3n en Ilustraci\u00f3n Profesional de la Universidad de Buenos Aires.\"","breadcrumb":{"@id":"https:\/\/ilusposgrado.com.ar\/ilusgaleria\/en\/inicio-english\/#breadcrumb"},"inLanguage":"es-AR","potentialAction":[{"@type":"ReadAction","target":["https:\/\/ilusposgrado.com.ar\/ilusgaleria\/en\/inicio-english\/"]}]},{"@type":"BreadcrumbList","@id":"https:\/\/ilusposgrado.com.ar\/ilusgaleria\/en\/inicio-english\/#breadcrumb","itemListElement":[{"@type":"ListItem","position":1,"name":"Inicio","item":"https:\/\/ilusposgrado.com.ar\/ilusgaleria\/"},{"@type":"ListItem","position":2,"name":"Inicio - English"}]},{"@type":"WebSite","@id":"https:\/\/ilusposgrado.com.ar\/ilusgaleria\/#website","url":"https:\/\/ilusposgrado.com.ar\/ilusgaleria\/","name":"Ilus.Galer\u00eda","description":"Programa de Actualizaci\u00f3n en Ilustraci\u00f3n Profesional de la Facultad de Arquitectura, Dise\u00f1o y Urbanismo de la Universidad de Buenos Aires","publisher":{"@id":"https:\/\/ilusposgrado.com.ar\/ilusgaleria\/#organization"},"alternateName":"Programa de Ilustraci\u00f3n Profesional de la Facultad de Arquitectura y Urbanismo de la Universidad de Buenos Aires","potentialAction":[{"@type":"SearchAction","target":{"@type":"EntryPoint","urlTemplate":"https:\/\/ilusposgrado.com.ar\/ilusgaleria\/?s={search_term_string}"},"query-input":{"@type":"PropertyValueSpecification","valueRequired":true,"valueName":"search_term_string"}}],"inLanguage":"es-AR"},{"@type":"Organization","@id":"https:\/\/ilusposgrado.com.ar\/ilusgaleria\/#organization","name":"Programa de Ilustraci\u00f3n Profesional de la Facultad de Arquitectura y Urbanismo de la Universidad de Buenos Aires","alternateName":"Ilus.P","url":"https:\/\/ilusposgrado.com.ar\/ilusgaleria\/","logo":{"@type":"ImageObject","inLanguage":"es-AR","@id":"https:\/\/ilusposgrado.com.ar\/ilusgaleria\/#\/schema\/logo\/image\/","url":"https:\/\/ilusposgrado.com.ar\/ilusgaleria\/wp-content\/uploads\/2024\/11\/ilus-galeria-seo.png","contentUrl":"https:\/\/ilusposgrado.com.ar\/ilusgaleria\/wp-content\/uploads\/2024\/11\/ilus-galeria-seo.png","width":1024,"height":1024,"caption":"Programa de Ilustraci\u00f3n Profesional de la Facultad de Arquitectura y Urbanismo de la Universidad de Buenos Aires"},"image":{"@id":"https:\/\/ilusposgrado.com.ar\/ilusgaleria\/#\/schema\/logo\/image\/"},"sameAs":["https:\/\/www.instagram.com\/ilusposgrado\/"]}]}},"_links":{"self":[{"href":"https:\/\/ilusposgrado.com.ar\/ilusgaleria\/wp-json\/wp\/v2\/pages\/178","targetHints":{"allow":["GET"]}}],"collection":[{"href":"https:\/\/ilusposgrado.com.ar\/ilusgaleria\/wp-json\/wp\/v2\/pages"}],"about":[{"href":"https:\/\/ilusposgrado.com.ar\/ilusgaleria\/wp-json\/wp\/v2\/types\/page"}],"author":[{"embeddable":true,"href":"https:\/\/ilusposgrado.com.ar\/ilusgaleria\/wp-json\/wp\/v2\/users\/3"}],"replies":[{"embeddable":true,"href":"https:\/\/ilusposgrado.com.ar\/ilusgaleria\/wp-json\/wp\/v2\/comments?post=178"}],"version-history":[{"count":12,"href":"https:\/\/ilusposgrado.com.ar\/ilusgaleria\/wp-json\/wp\/v2\/pages\/178\/revisions"}],"predecessor-version":[{"id":2599,"href":"https:\/\/ilusposgrado.com.ar\/ilusgaleria\/wp-json\/wp\/v2\/pages\/178\/revisions\/2599"}],"wp:attachment":[{"href":"https:\/\/ilusposgrado.com.ar\/ilusgaleria\/wp-json\/wp\/v2\/media?parent=178"}],"curies":[{"name":"wp","href":"https:\/\/api.w.org\/{rel}","templated":true}]}}