{"id":846,"date":"2024-10-29T15:43:30","date_gmt":"2024-10-29T15:43:30","guid":{"rendered":"https:\/\/ilusgaleria.secdevstest.com.ar\/ilusgaleria\/?page_id=846"},"modified":"2024-11-05T14:52:03","modified_gmt":"2024-11-05T14:52:03","slug":"contact","status":"publish","type":"page","link":"https:\/\/ilusposgrado.com.ar\/ilusgaleria\/en\/contact\/","title":{"rendered":"Contact"},"content":{"rendered":"\n<p>For any inquiries about Ilus.Galer\u00eda, the projects, or their authors, you can email us at <a href=\"mailto:galeriailus@gmail.com\">galeriailus@gmail.com<\/a>.<\/p>\n\n\n\n<p>For any inquiries about the Postgraduate Program, you can email us at <a href=\"mailto:ilusposgrado@gmail.com\">ilusposgrado@gmail.com<\/a>.<\/p>\n\n\n\n<p>You can also follow us on Instagram at <a href=\"https:\/\/www.instagram.com\/ilusposgrado\/\" target=\"_blank\" rel=\"noreferrer noopener\">@ilusposgrado<\/a> and on l<a href=\"http:\/\/inktr.ee\/ilusposgrado\" target=\"_blank\" rel=\"noreferrer noopener\">inktr.ee\/ilusposgrado<\/a>.<\/p>\n\n\n\n<p><\/p>\n","protected":false},"excerpt":{"rendered":"<p>For any inquiries about Ilus.Galer\u00eda, the projects, or their authors, you can email us at galeriailus@gmail.com. For any inquiries about the Postgraduate Program, you can email us at ilusposgrado@gmail.com. You can also follow us on Instagram at @ilusposgrado and on linktr.ee\/ilusposgrado.<\/p>\n","protected":false},"author":3,"featured_media":891,"parent":0,"menu_order":0,"comment_status":"closed","ping_status":"closed","template":"","meta":{"_acf_changed":false,"footnotes":""},"class_list":["post-846","page","type-page","status-publish","has-post-thumbnail","hentry"],"acf":[],"yoast_head":"<!-- This site is optimized with the Yoast SEO plugin v23.9 - https:\/\/yoast.com\/wordpress\/plugins\/seo\/ -->\n<title>Contact - Ilus.Galer\u00eda<\/title>\n<meta name=\"description\" content=\"&quot;Ilus.Galer\u00eda es una plataforma que presenta proyectos de ilustraci\u00f3n desarrollados en el Programa de Actualizaci\u00f3n en Ilustraci\u00f3n Profesional de la Universidad de Buenos Aires.&quot;\" \/>\n<meta name=\"robots\" content=\"index, follow, max-snippet:-1, max-image-preview:large, max-video-preview:-1\" \/>\n<link rel=\"canonical\" href=\"https:\/\/ilusposgrado.com.ar\/ilusgaleria\/en\/contact\/\" \/>\n<meta property=\"og:locale\" content=\"es_ES\" \/>\n<meta property=\"og:type\" content=\"article\" \/>\n<meta property=\"og:title\" content=\"Contact - Ilus.Galer\u00eda\" \/>\n<meta property=\"og:description\" content=\"&quot;Ilus.Galer\u00eda es una plataforma que presenta proyectos de ilustraci\u00f3n desarrollados en el Programa de Actualizaci\u00f3n en Ilustraci\u00f3n Profesional de la Universidad de Buenos Aires.&quot;\" \/>\n<meta property=\"og:url\" content=\"https:\/\/ilusposgrado.com.ar\/ilusgaleria\/en\/contact\/\" \/>\n<meta property=\"og:site_name\" content=\"Ilus.Galer\u00eda\" \/>\n<meta property=\"article:modified_time\" content=\"2024-11-05T14:52:03+00:00\" \/>\n<meta property=\"og:image\" content=\"https:\/\/ilusposgrado.com.ar\/ilusgaleria\/wp-content\/uploads\/2024\/11\/ilus-p_headers-2024-04_contacto.png\" \/>\n\t<meta property=\"og:image:width\" content=\"3840\" \/>\n\t<meta property=\"og:image:height\" content=\"840\" \/>\n\t<meta property=\"og:image:type\" content=\"image\/png\" \/>\n<meta name=\"twitter:card\" content=\"summary_large_image\" \/>\n<meta name=\"twitter:label1\" content=\"Tiempo de lectura\" \/>\n\t<meta name=\"twitter:data1\" content=\"1 minuto\" \/>\n<script type=\"application\/ld+json\" class=\"yoast-schema-graph\">{\"@context\":\"https:\/\/schema.org\",\"@graph\":[{\"@type\":\"WebPage\",\"@id\":\"https:\/\/ilusposgrado.com.ar\/ilusgaleria\/en\/contact\/\",\"url\":\"https:\/\/ilusposgrado.com.ar\/ilusgaleria\/en\/contact\/\",\"name\":\"Contact - Ilus.Galer\u00eda\",\"isPartOf\":{\"@id\":\"https:\/\/ilusposgrado.com.ar\/ilusgaleria\/#website\"},\"primaryImageOfPage\":{\"@id\":\"https:\/\/ilusposgrado.com.ar\/ilusgaleria\/en\/contact\/#primaryimage\"},\"image\":{\"@id\":\"https:\/\/ilusposgrado.com.ar\/ilusgaleria\/en\/contact\/#primaryimage\"},\"thumbnailUrl\":\"https:\/\/ilusposgrado.com.ar\/ilusgaleria\/wp-content\/uploads\/2024\/11\/ilus-p_headers-2024-04_contacto.png\",\"datePublished\":\"2024-10-29T15:43:30+00:00\",\"dateModified\":\"2024-11-05T14:52:03+00:00\",\"description\":\"\\\"Ilus.Galer\u00eda es una plataforma que presenta proyectos de ilustraci\u00f3n desarrollados en el Programa de Actualizaci\u00f3n en Ilustraci\u00f3n Profesional de la Universidad de Buenos Aires.\\\"\",\"breadcrumb\":{\"@id\":\"https:\/\/ilusposgrado.com.ar\/ilusgaleria\/en\/contact\/#breadcrumb\"},\"inLanguage\":\"es-AR\",\"potentialAction\":[{\"@type\":\"ReadAction\",\"target\":[\"https:\/\/ilusposgrado.com.ar\/ilusgaleria\/en\/contact\/\"]}]},{\"@type\":\"ImageObject\",\"inLanguage\":\"es-AR\",\"@id\":\"https:\/\/ilusposgrado.com.ar\/ilusgaleria\/en\/contact\/#primaryimage\",\"url\":\"https:\/\/ilusposgrado.com.ar\/ilusgaleria\/wp-content\/uploads\/2024\/11\/ilus-p_headers-2024-04_contacto.png\",\"contentUrl\":\"https:\/\/ilusposgrado.com.ar\/ilusgaleria\/wp-content\/uploads\/2024\/11\/ilus-p_headers-2024-04_contacto.png\",\"width\":3840,\"height\":840},{\"@type\":\"BreadcrumbList\",\"@id\":\"https:\/\/ilusposgrado.com.ar\/ilusgaleria\/en\/contact\/#breadcrumb\",\"itemListElement\":[{\"@type\":\"ListItem\",\"position\":1,\"name\":\"Inicio\",\"item\":\"https:\/\/ilusposgrado.com.ar\/ilusgaleria\/\"},{\"@type\":\"ListItem\",\"position\":2,\"name\":\"Contact\"}]},{\"@type\":\"WebSite\",\"@id\":\"https:\/\/ilusposgrado.com.ar\/ilusgaleria\/#website\",\"url\":\"https:\/\/ilusposgrado.com.ar\/ilusgaleria\/\",\"name\":\"Ilus.Galer\u00eda\",\"description\":\"Programa de Actualizaci\u00f3n en Ilustraci\u00f3n Profesional de la Facultad de Arquitectura, Dise\u00f1o y Urbanismo de la Universidad de Buenos Aires\",\"publisher\":{\"@id\":\"https:\/\/ilusposgrado.com.ar\/ilusgaleria\/#organization\"},\"alternateName\":\"Programa de Ilustraci\u00f3n Profesional de la Facultad de Arquitectura y Urbanismo de la Universidad de Buenos Aires\",\"potentialAction\":[{\"@type\":\"SearchAction\",\"target\":{\"@type\":\"EntryPoint\",\"urlTemplate\":\"https:\/\/ilusposgrado.com.ar\/ilusgaleria\/?s={search_term_string}\"},\"query-input\":{\"@type\":\"PropertyValueSpecification\",\"valueRequired\":true,\"valueName\":\"search_term_string\"}}],\"inLanguage\":\"es-AR\"},{\"@type\":\"Organization\",\"@id\":\"https:\/\/ilusposgrado.com.ar\/ilusgaleria\/#organization\",\"name\":\"Programa de Ilustraci\u00f3n Profesional de la Facultad de Arquitectura y Urbanismo de la Universidad de Buenos Aires\",\"alternateName\":\"Ilus.P\",\"url\":\"https:\/\/ilusposgrado.com.ar\/ilusgaleria\/\",\"logo\":{\"@type\":\"ImageObject\",\"inLanguage\":\"es-AR\",\"@id\":\"https:\/\/ilusposgrado.com.ar\/ilusgaleria\/#\/schema\/logo\/image\/\",\"url\":\"https:\/\/ilusposgrado.com.ar\/ilusgaleria\/wp-content\/uploads\/2024\/11\/ilus-galeria-seo.png\",\"contentUrl\":\"https:\/\/ilusposgrado.com.ar\/ilusgaleria\/wp-content\/uploads\/2024\/11\/ilus-galeria-seo.png\",\"width\":1024,\"height\":1024,\"caption\":\"Programa de Ilustraci\u00f3n Profesional de la Facultad de Arquitectura y Urbanismo de la Universidad de Buenos Aires\"},\"image\":{\"@id\":\"https:\/\/ilusposgrado.com.ar\/ilusgaleria\/#\/schema\/logo\/image\/\"},\"sameAs\":[\"https:\/\/www.instagram.com\/ilusposgrado\/\"]}]}<\/script>\n<!-- \/ Yoast SEO plugin. -->","yoast_head_json":{"title":"Contact - Ilus.Galer\u00eda","description":"\"Ilus.Galer\u00eda es una plataforma que presenta proyectos de ilustraci\u00f3n desarrollados en el Programa de Actualizaci\u00f3n en Ilustraci\u00f3n Profesional de la Universidad de Buenos Aires.\"","robots":{"index":"index","follow":"follow","max-snippet":"max-snippet:-1","max-image-preview":"max-image-preview:large","max-video-preview":"max-video-preview:-1"},"canonical":"https:\/\/ilusposgrado.com.ar\/ilusgaleria\/en\/contact\/","og_locale":"es_ES","og_type":"article","og_title":"Contact - Ilus.Galer\u00eda","og_description":"\"Ilus.Galer\u00eda es una plataforma que presenta proyectos de ilustraci\u00f3n desarrollados en el Programa de Actualizaci\u00f3n en Ilustraci\u00f3n Profesional de la Universidad de Buenos Aires.\"","og_url":"https:\/\/ilusposgrado.com.ar\/ilusgaleria\/en\/contact\/","og_site_name":"Ilus.Galer\u00eda","article_modified_time":"2024-11-05T14:52:03+00:00","og_image":[{"width":3840,"height":840,"url":"https:\/\/ilusposgrado.com.ar\/ilusgaleria\/wp-content\/uploads\/2024\/11\/ilus-p_headers-2024-04_contacto.png","type":"image\/png"}],"twitter_card":"summary_large_image","twitter_misc":{"Tiempo de lectura":"1 minuto"},"schema":{"@context":"https:\/\/schema.org","@graph":[{"@type":"WebPage","@id":"https:\/\/ilusposgrado.com.ar\/ilusgaleria\/en\/contact\/","url":"https:\/\/ilusposgrado.com.ar\/ilusgaleria\/en\/contact\/","name":"Contact - Ilus.Galer\u00eda","isPartOf":{"@id":"https:\/\/ilusposgrado.com.ar\/ilusgaleria\/#website"},"primaryImageOfPage":{"@id":"https:\/\/ilusposgrado.com.ar\/ilusgaleria\/en\/contact\/#primaryimage"},"image":{"@id":"https:\/\/ilusposgrado.com.ar\/ilusgaleria\/en\/contact\/#primaryimage"},"thumbnailUrl":"https:\/\/ilusposgrado.com.ar\/ilusgaleria\/wp-content\/uploads\/2024\/11\/ilus-p_headers-2024-04_contacto.png","datePublished":"2024-10-29T15:43:30+00:00","dateModified":"2024-11-05T14:52:03+00:00","description":"\"Ilus.Galer\u00eda es una plataforma que presenta proyectos de ilustraci\u00f3n desarrollados en el Programa de Actualizaci\u00f3n en Ilustraci\u00f3n Profesional de la Universidad de Buenos Aires.\"","breadcrumb":{"@id":"https:\/\/ilusposgrado.com.ar\/ilusgaleria\/en\/contact\/#breadcrumb"},"inLanguage":"es-AR","potentialAction":[{"@type":"ReadAction","target":["https:\/\/ilusposgrado.com.ar\/ilusgaleria\/en\/contact\/"]}]},{"@type":"ImageObject","inLanguage":"es-AR","@id":"https:\/\/ilusposgrado.com.ar\/ilusgaleria\/en\/contact\/#primaryimage","url":"https:\/\/ilusposgrado.com.ar\/ilusgaleria\/wp-content\/uploads\/2024\/11\/ilus-p_headers-2024-04_contacto.png","contentUrl":"https:\/\/ilusposgrado.com.ar\/ilusgaleria\/wp-content\/uploads\/2024\/11\/ilus-p_headers-2024-04_contacto.png","width":3840,"height":840},{"@type":"BreadcrumbList","@id":"https:\/\/ilusposgrado.com.ar\/ilusgaleria\/en\/contact\/#breadcrumb","itemListElement":[{"@type":"ListItem","position":1,"name":"Inicio","item":"https:\/\/ilusposgrado.com.ar\/ilusgaleria\/"},{"@type":"ListItem","position":2,"name":"Contact"}]},{"@type":"WebSite","@id":"https:\/\/ilusposgrado.com.ar\/ilusgaleria\/#website","url":"https:\/\/ilusposgrado.com.ar\/ilusgaleria\/","name":"Ilus.Galer\u00eda","description":"Programa de Actualizaci\u00f3n en Ilustraci\u00f3n Profesional de la Facultad de Arquitectura, Dise\u00f1o y Urbanismo de la Universidad de Buenos Aires","publisher":{"@id":"https:\/\/ilusposgrado.com.ar\/ilusgaleria\/#organization"},"alternateName":"Programa de Ilustraci\u00f3n Profesional de la Facultad de Arquitectura y Urbanismo de la Universidad de Buenos Aires","potentialAction":[{"@type":"SearchAction","target":{"@type":"EntryPoint","urlTemplate":"https:\/\/ilusposgrado.com.ar\/ilusgaleria\/?s={search_term_string}"},"query-input":{"@type":"PropertyValueSpecification","valueRequired":true,"valueName":"search_term_string"}}],"inLanguage":"es-AR"},{"@type":"Organization","@id":"https:\/\/ilusposgrado.com.ar\/ilusgaleria\/#organization","name":"Programa de Ilustraci\u00f3n Profesional de la Facultad de Arquitectura y Urbanismo de la Universidad de Buenos Aires","alternateName":"Ilus.P","url":"https:\/\/ilusposgrado.com.ar\/ilusgaleria\/","logo":{"@type":"ImageObject","inLanguage":"es-AR","@id":"https:\/\/ilusposgrado.com.ar\/ilusgaleria\/#\/schema\/logo\/image\/","url":"https:\/\/ilusposgrado.com.ar\/ilusgaleria\/wp-content\/uploads\/2024\/11\/ilus-galeria-seo.png","contentUrl":"https:\/\/ilusposgrado.com.ar\/ilusgaleria\/wp-content\/uploads\/2024\/11\/ilus-galeria-seo.png","width":1024,"height":1024,"caption":"Programa de Ilustraci\u00f3n Profesional de la Facultad de Arquitectura y Urbanismo de la Universidad de Buenos Aires"},"image":{"@id":"https:\/\/ilusposgrado.com.ar\/ilusgaleria\/#\/schema\/logo\/image\/"},"sameAs":["https:\/\/www.instagram.com\/ilusposgrado\/"]}]}},"_links":{"self":[{"href":"https:\/\/ilusposgrado.com.ar\/ilusgaleria\/wp-json\/wp\/v2\/pages\/846","targetHints":{"allow":["GET"]}}],"collection":[{"href":"https:\/\/ilusposgrado.com.ar\/ilusgaleria\/wp-json\/wp\/v2\/pages"}],"about":[{"href":"https:\/\/ilusposgrado.com.ar\/ilusgaleria\/wp-json\/wp\/v2\/types\/page"}],"author":[{"embeddable":true,"href":"https:\/\/ilusposgrado.com.ar\/ilusgaleria\/wp-json\/wp\/v2\/users\/3"}],"replies":[{"embeddable":true,"href":"https:\/\/ilusposgrado.com.ar\/ilusgaleria\/wp-json\/wp\/v2\/comments?post=846"}],"version-history":[{"count":2,"href":"https:\/\/ilusposgrado.com.ar\/ilusgaleria\/wp-json\/wp\/v2\/pages\/846\/revisions"}],"predecessor-version":[{"id":904,"href":"https:\/\/ilusposgrado.com.ar\/ilusgaleria\/wp-json\/wp\/v2\/pages\/846\/revisions\/904"}],"wp:featuredmedia":[{"embeddable":true,"href":"https:\/\/ilusposgrado.com.ar\/ilusgaleria\/wp-json\/wp\/v2\/media\/891"}],"wp:attachment":[{"href":"https:\/\/ilusposgrado.com.ar\/ilusgaleria\/wp-json\/wp\/v2\/media?parent=846"}],"curies":[{"name":"wp","href":"https:\/\/api.w.org\/{rel}","templated":true}]}}